{"id":76,"date":"2012-10-16T17:21:06","date_gmt":"2012-10-16T17:21:06","guid":{"rendered":"http:\/\/www.eowsa.com\/web\/?page_id=76"},"modified":"2024-07-16T16:46:14","modified_gmt":"2024-07-16T16:46:14","slug":"quienes-somos","status":"publish","type":"page","link":"https:\/\/www.eowsa.com\/web\/?page_id=76","title":{"rendered":"Quienes Somos"},"content":{"rendered":"<h6>Corporativa EOW es un conglomerado de empresas dedicado a proporcionar productos y servicios de primera calidad en diversos sectores.<\/h6>\n<h6>Cada una de nuestras empresas trabaja con la misma pasi\u00f3n y dedicaci\u00f3n para ofrecer productos que mejoren la vida de nuestros clientes y contribuyan al \u00e9xito de sus proyectos y negocios.<br \/>\u00a0<\/h6><\/p>\n","protected":false},"excerpt":{"rendered":"<p>Corporativa EOW es un conglomerado de empresas dedicado a proporcionar productos y servicios de primera calidad en diversos sectores. Cada una de nuestras empresas trabaja con la misma pasi\u00f3n y dedicaci\u00f3n para ofrecer productos que&hellip;<\/p>\n","protected":false},"author":2,"featured_media":0,"parent":0,"menu_order":1,"comment_status":"closed","ping_status":"open","template":"","meta":{"footnotes":""},"class_list":["post-76","page","type-page","status-publish","hentry"],"_links":{"self":[{"href":"https:\/\/www.eowsa.com\/web\/index.php?rest_route=\/wp\/v2\/pages\/76","targetHints":{"allow":["GET"]}}],"collection":[{"href":"https:\/\/www.eowsa.com\/web\/index.php?rest_route=\/wp\/v2\/pages"}],"about":[{"href":"https:\/\/www.eowsa.com\/web\/index.php?rest_route=\/wp\/v2\/types\/page"}],"author":[{"embeddable":true,"href":"https:\/\/www.eowsa.com\/web\/index.php?rest_route=\/wp\/v2\/users\/2"}],"replies":[{"embeddable":true,"href":"https:\/\/www.eowsa.com\/web\/index.php?rest_route=%2Fwp%2Fv2%2Fcomments&post=76"}],"version-history":[{"count":12,"href":"https:\/\/www.eowsa.com\/web\/index.php?rest_route=\/wp\/v2\/pages\/76\/revisions"}],"predecessor-version":[{"id":341,"href":"https:\/\/www.eowsa.com\/web\/index.php?rest_route=\/wp\/v2\/pages\/76\/revisions\/341"}],"wp:attachment":[{"href":"https:\/\/www.eowsa.com\/web\/index.php?rest_route=%2Fwp%2Fv2%2Fmedia&parent=76"}],"curies":[{"name":"wp","href":"https:\/\/api.w.org\/{rel}","templated":true}]}}